{"id":2341,"date":"2026-04-24T11:04:00","date_gmt":"2026-04-24T11:04:00","guid":{"rendered":"https:\/\/lbn.ctb.upm.es\/?page_id=2341"},"modified":"2026-04-24T11:09:41","modified_gmt":"2026-04-24T11:09:41","slug":"codireccion","status":"publish","type":"page","link":"https:\/\/lbn.ctb.upm.es\/index.php\/codireccion\/","title":{"rendered":"Codirecci\u00f3n"},"content":{"rendered":"\t\t<div data-elementor-type=\"wp-page\" data-elementor-id=\"2341\" class=\"elementor elementor-2341\">\n\t\t\t\t<div class=\"elementor-element elementor-element-1530439 e-flex e-con-boxed e-con e-parent\" data-id=\"1530439\" data-element_type=\"container\" data-e-type=\"container\">\n\t\t\t\t\t<div class=\"e-con-inner\">\n\t\t\t\t<div class=\"elementor-element elementor-element-62d1e82 elementor-widget elementor-widget-text-editor\" data-id=\"62d1e82\" data-element_type=\"widget\" data-e-type=\"widget\" data-widget_type=\"text-editor.default\">\n\t\t\t\t\t\t\t\t\t<p><em>Fecha de \u00faltima actualizaci\u00f3n: 2025-12-01<\/em><\/p>\t\t\t\t\t\t\t\t<\/div>\n\t\t\t\t<div class=\"elementor-element elementor-element-69b45d1 elementor-widget elementor-widget-text-editor\" data-id=\"69b45d1\" data-element_type=\"widget\" data-e-type=\"widget\" data-widget_type=\"text-editor.default\">\n\t\t\t\t\t\t\t\t\t<p>Si quieres a\u00f1adir un codirector a tu tesis, t\u00fa y tu director de tesis deb\u00e9is tener en cuenta lo siguiente.<\/p><p>La CAPDIB no tiene criterios espec\u00edficos para la admisi\u00f3n de nuevos profesores al programa, y se rige por los propios de la\u00a0<a href=\"https:\/\/www.upm.es\/sfs\/Rectorado\/Vicerrectorado%20de%20Investigacion\/Doctorado\/Normativa\/Procedimiento_alta-baja_investigador_en_PD.pdf\" rel=\"nofollow\"><strong>normativa UPM para altas de investigadores<\/strong><\/a>.<\/p><p>En resumen, lo que indica la normativa UPM es lo siguiente:<\/p><ul><li><strong>Tener un sexenio activo<\/strong>\u00a0o, en su defecto, presentar 5 contribuciones cient\u00edficas de los \u00faltimos 5 a\u00f1os junto con sus indicios de calidad.<\/li><li>Estar adscrito a la universidad proponente o, en su defecto, tener un convenio espec\u00edfico de colaboraci\u00f3n.<\/li><li>Se requiere la autorizaci\u00f3n expresa de la autoridad responsable de la universidad u organismo de procedencia del solicitante.<\/li><\/ul>\t\t\t\t\t\t\t\t<\/div>\n\t\t\t\t<div class=\"elementor-element elementor-element-6fb2da9 elementor-widget elementor-widget-heading\" data-id=\"6fb2da9\" data-element_type=\"widget\" data-e-type=\"widget\" data-widget_type=\"heading.default\">\n\t\t\t\t\t<h2 class=\"elementor-heading-title elementor-size-default\">Pasos para el alta como profesor del programa\n<\/h2>\t\t\t\t<\/div>\n\t\t\t\t<div class=\"elementor-element elementor-element-c3d7edf elementor-widget elementor-widget-text-editor\" data-id=\"c3d7edf\" data-element_type=\"widget\" data-e-type=\"widget\" data-widget_type=\"text-editor.default\">\n\t\t\t\t\t\t\t\t\t<ol><li>El investigador que desee darse de alta en el programa, deber\u00e1 escribir al Coordinador (<code>pd.ingbiomed@upm.es<\/code>) informado de que quiere darse de alta y d\u00e1ndole:\u00a0<strong>nombre y apellidos<\/strong>,\u00a0<strong>DNI<\/strong>,\u00a0<strong>correo electr\u00f3nico<\/strong>.<\/li><li>Se le contactar\u00e1 d\u00e1ndole acceso a la plataforma\u00a0<a href=\"https:\/\/www.upm.es\/thesis\/\" rel=\"nofollow\"><strong>Thesis<\/strong><\/a>\u00a0para seguir los pasos.<\/li><li>El investigador solicitante rellena en Thesis\u00a0<a href=\"https:\/\/www.upm.es\/thesis\/\" rel=\"nofollow\"><strong>Thesis<\/strong><\/a>\u00a0el formulario de solicitud de alta a trav\u00e9s de la propia plataforma.<\/li><\/ol>\t\t\t\t\t\t\t\t<\/div>\n\t\t\t\t<div class=\"elementor-element elementor-element-501c9a8 elementor-widget elementor-widget-heading\" data-id=\"501c9a8\" data-element_type=\"widget\" data-e-type=\"widget\" data-widget_type=\"heading.default\">\n\t\t\t\t\t<h2 class=\"elementor-heading-title elementor-size-default\">Normativa UPM para altas de investigadores<\/h2>\t\t\t\t<\/div>\n\t\t\t\t<div class=\"elementor-element elementor-element-34bdf40 elementor-widget elementor-widget-text-editor\" data-id=\"34bdf40\" data-element_type=\"widget\" data-e-type=\"widget\" data-widget_type=\"text-editor.default\">\n\t\t\t\t\t\t\t\t\t<p>En particular hay que prestar atenci\u00f3n al punto\u00a0<strong>&#8220;3. PROCEDIMIENTO DE SOLICITUD DE ALTA&#8221;<\/strong>, que indica que: el\u00a0<strong>Doctor<\/strong>\u00a0interesado en incorporarse como investigador en un programa de doctorado presentar\u00e1 su solicitud \u2014este paso actualmente corresponde a la solicitud\u00a0<strong>a trav\u00e9s de Thesis<\/strong>\u00a0antes mencionada\u2014 ante la Comisi\u00f3n Acad\u00e9mica del Programa de Doctorado, adjuntando:<\/p><ul><li><p><strong>El formulario de alta<\/strong>\u00a0de investigador en programa de doctorado, debidamente cumplimentado (\u00e9sto sucede de manera autom\u00e1tica al realizar la solicitud a trav\u00e9s de Thesis).<\/p><\/li><li><p>Justificaci\u00f3n de que el investigador cumple los\u00a0<strong>criterios<\/strong>\u00a0espec\u00edficos del programa de doctorado para dirigir tesis (<strong>en CAPDIB no tenemos<\/strong>, son los de la UPM: sexenio o 5 contribuciones, y adscripci\u00f3n a un centro).<\/p><\/li><li><p>Un\u00a0<strong>CV actualizado<\/strong>\u00a0que refleje su producci\u00f3n cient\u00edfica, las tesis doctorales dirigidas y la direcci\u00f3n de proyectos o contratos. Adem\u00e1s, el registro ORCID del solicitante debe estar actualizado e incluir la informaci\u00f3n referida.<\/p><\/li><li><p><strong>Autorizaci\u00f3n expresa para participar en el programa de doctorado emitida por la autoridad responsable de la universidad u organismo o empresa de procedencia del solicitante.<\/strong>\u00a0Esto var\u00eda con la universidad. Algunas tienen implementado el mecanismo para dar permisos, pero otras, no, y hay dudas, y hay que preguntar. Se han visto casos en que val\u00eda la firma del coordinador del programa de doctorado en la universidad origen, o del Vicerrectorado de Investigaci\u00f3n.<\/p><\/li><\/ul><p>Si todo ha ido bien, la Comisi\u00f3n Acad\u00e9mica del Programa de Doctorado lo incluir\u00e1 en su pr\u00f3xima reuni\u00f3n.\u00a0<strong>La CAPDIB solo informa<\/strong>\u00a0favorable o desfavorablemente, pero\u00a0<strong>no toma la decisi\u00f3n<\/strong>\u00a0sobre la admisi\u00f3n de nuevos investigadores, ya que se eleva y\u00a0<strong>lo decide la CAD-TIC<\/strong>\u00a0en su pr\u00f3xima reuni\u00f3n. Puedes consultar las fechas de las reuniones en la\u00a0<a href=\"https:\/\/www.etsit.upm.es\/estudios\/doctorado\/comite-area-doctoral-tic-comision-doctorado-eid-upm.html\" rel=\"nofollow\">web de la ETSIT<\/a>.<\/p>\t\t\t\t\t\t\t\t<\/div>\n\t\t\t\t<div class=\"elementor-element elementor-element-40eab56 elementor-widget elementor-widget-heading\" data-id=\"40eab56\" data-element_type=\"widget\" data-e-type=\"widget\" data-widget_type=\"heading.default\">\n\t\t\t\t\t<h2 class=\"elementor-heading-title elementor-size-default\">Asignar Tutor, Director y c\u00f3mo solicitar cambio<\/h2>\t\t\t\t<\/div>\n\t\t\t\t<div class=\"elementor-element elementor-element-bedcf9d elementor-widget elementor-widget-text-editor\" data-id=\"bedcf9d\" data-element_type=\"widget\" data-e-type=\"widget\" data-widget_type=\"text-editor.default\">\n\t\t\t\t\t\t\t\t\t<p>Aunque el\u00a0<a href=\"https:\/\/github.com\/capdibupm\/normativa\/wiki\/Compromiso-de-supervision\"><strong>compromiso de supervisi\u00f3n<\/strong><\/a>\u00a0lo haya firmado el Tutor, y el director, en Thesis se realiza en dos pasos:<\/p><ol><li>Se asigna el Tutor en Thesis. Persona que haya firmado como Tutor en el compromiso de supervisi\u00f3n. El Tutor ha de ser de la UPM, y es la figura que, entre otras cosas, se encarga de guiar al alumno en los tr\u00e1mites administrativos. El Tutor es, adem\u00e1s, director.<\/li><li>Si existe un codirector, una vez \u00e9ste est\u00e1 dado de alta en el Programa de Doctorado, y una vez se ha asignado el Tutor en Thesis por parte de la CAPD,\u00a0<strong>ser\u00e1 el alumno qui\u00e9n inicie el tr\u00e1mite en Thesis para solicitar una codirecci\u00f3n<\/strong>.\u00a0<strong>Solo puede haber un codirector<\/strong>.<\/li><\/ol>\t\t\t\t\t\t\t\t<\/div>\n\t\t\t\t<div class=\"elementor-element elementor-element-1f536fa elementor-widget elementor-widget-heading\" data-id=\"1f536fa\" data-element_type=\"widget\" data-e-type=\"widget\" data-widget_type=\"heading.default\">\n\t\t\t\t\t<h2 class=\"elementor-heading-title elementor-size-default\">Cambio de codirector o tutor<\/h2>\t\t\t\t<\/div>\n\t\t\t\t<div class=\"elementor-element elementor-element-c2cbbf2 elementor-widget elementor-widget-text-editor\" data-id=\"c2cbbf2\" data-element_type=\"widget\" data-e-type=\"widget\" data-widget_type=\"text-editor.default\">\n\t\t\t\t\t\t\t\t\t<p>El cambio de un\u00a0<strong>codirector lo solicita el alumno en Thesis<\/strong>.<\/p><p>El cambio de\u00a0<strong>tutor NO est\u00e1 implementado en Thesis<\/strong>\u00a0y es necesario que se firme una\u00a0<strong>carta<\/strong>\u00a0(no existe plantilla) con las firmas del\u00a0<strong>tutor saliente, del entrante y del alumno<\/strong>, solicitando el cambio, para que lo eval\u00fae la CAPD. Env\u00eda \ud83d\udce7 el documento firmado al Presidente y Secretario del programa:<\/p><ul><li>Programa de Doctorado en Ingenier\u00eda Biom\u00e9dica:\u00a0<a href=\"mailto:pd.ingbiomed@upm.es\">pd.ingbiomed@upm.es<\/a><\/li><li>Secretario del programa, Josu\u00e9 Pag\u00e1n Ortiz:\u00a0<a href=\"mailto:j.pagan@upm.es\">j.pagan@upm.es<\/a><\/li><\/ul>\t\t\t\t\t\t\t\t<\/div>\n\t\t\t\t<div class=\"elementor-element elementor-element-ec6ed85 elementor-widget elementor-widget-heading\" data-id=\"ec6ed85\" data-element_type=\"widget\" data-e-type=\"widget\" data-widget_type=\"heading.default\">\n\t\t\t\t\t<h2 class=\"elementor-heading-title elementor-size-default\">Solicitud de codirecci\u00f3n<\/h2>\t\t\t\t<\/div>\n\t\t\t\t<div class=\"elementor-element elementor-element-70749ff elementor-widget elementor-widget-text-editor\" data-id=\"70749ff\" data-element_type=\"widget\" data-e-type=\"widget\" data-widget_type=\"text-editor.default\">\n\t\t\t\t\t\t\t\t\t<p>Una vez que el nuevo director ha sido admitido, el estudiante, desde\u00a0<a href=\"https:\/\/www.upm.es\/thesis\/\" rel=\"nofollow\"><strong>Thesis<\/strong><\/a>, debe iniciar la solicitud de codirecci\u00f3n. All\u00ed podr\u00e1\u00a0<strong>seleccionar el nombre del nuevo director<\/strong>\u00a0de tesis, y se le solicitar\u00e1 que aporte la siguiente informaci\u00f3n:<\/p><ul><li>Indicar si es: (i)\u00a0<strong>interdisciplinar<\/strong>\u00a0(la mayor\u00eda de las veces), (ii) interinstitucional, (iii) internacional, o (iv) de formaci\u00f3n (si el director actual es un profesor en formaci\u00f3n).<\/li><li>Campo conocimiento del director actual.<\/li><li>Campo conocimiento del director propuesto.<\/li><li>Justificaci\u00f3n de la colaboraci\u00f3n del director actual.<\/li><li>Justificaci\u00f3n de la colaboraci\u00f3n del codirector propuesto.<\/li><\/ul><p>En la justificaci\u00f3n de la necesidad de a\u00f1adir un codirector a su tesis, hay que dejar claro que se\u00a0<strong>complementa la direcci\u00f3n actual<\/strong>, y que la\u00a0<strong>aportaci\u00f3n es ortogonal<\/strong>\u00a0a la direcci\u00f3n actual, y no una duplicaci\u00f3n de la misma. El nuevo director de tesis debe justificar su inter\u00e9s en participar en la direcci\u00f3n de la tesis, explicando c\u00f3mo su experiencia y conocimientos son relevantes para el proyecto de investigaci\u00f3n del estudiante.<\/p><p>Tanto el director actual como el nuevo codirector deben aceptar la solicitud de codirecci\u00f3n desde\u00a0<a href=\"https:\/\/www.upm.es\/thesis\/\" rel=\"nofollow\"><strong>Thesis<\/strong><\/a>. Una vez aceptada, se enviar\u00e1 a la Comisi\u00f3n Acad\u00e9mica del Programa de Doctorado para su aprobaci\u00f3n.<\/p><p>\u00a1Buena suerte con tu codirecci\u00f3n!<\/p>\t\t\t\t\t\t\t\t<\/div>\n\t\t\t\t<div class=\"elementor-element elementor-element-8224d35 elementor-widget-divider--view-line elementor-widget elementor-widget-divider\" data-id=\"8224d35\" data-element_type=\"widget\" data-e-type=\"widget\" data-widget_type=\"divider.default\">\n\t\t\t\t\t\t\t<div class=\"elementor-divider\">\n\t\t\t<span class=\"elementor-divider-separator\">\n\t\t\t\t\t\t<\/span>\n\t\t<\/div>\n\t\t\t\t\t\t<\/div>\n\t\t\t\t<div class=\"elementor-element elementor-element-d55cb55 elementor-widget elementor-widget-text-editor\" data-id=\"d55cb55\" data-element_type=\"widget\" data-e-type=\"widget\" data-widget_type=\"text-editor.default\">\n\t\t\t\t\t\t\t\t\t<p><strong>Thanks for visiting our Wiki!<\/strong><\/p><p>\ud83d\ude80\u00a0<em>Stay curious. Keep innovating.<\/em>\u00a0\ud83d\ude80<\/p><p>Built with \u2764\ufe0f by\u00a0<a href=\"https:\/\/github.com\/josueportiz\">Josu\u00e9 Pag\u00e1n<\/a><\/p>\t\t\t\t\t\t\t\t<\/div>\n\t\t\t\t\t<\/div>\n\t\t\t\t<\/div>\n\t\t\t\t<\/div>\n\t\t","protected":false},"excerpt":{"rendered":"<p>Fecha de \u00faltima actualizaci\u00f3n: 2025-12-01 Si quieres a\u00f1adir un codirector a tu tesis, t\u00fa y tu director de tesis deb\u00e9is [&hellip;]<\/p>\n","protected":false},"author":1,"featured_media":0,"parent":0,"menu_order":0,"comment_status":"closed","ping_status":"closed","template":"","meta":{"site-sidebar-layout":"no-sidebar","site-content-layout":"","ast-site-content-layout":"full-width-container","site-content-style":"default","site-sidebar-style":"default","ast-global-header-display":"","ast-banner-title-visibility":"","ast-main-header-display":"","ast-hfb-above-header-display":"","ast-hfb-below-header-display":"","ast-hfb-mobile-header-display":"","site-post-title":"","ast-breadcrumbs-content":"","ast-featured-img":"disabled","footer-sml-layout":"","theme-transparent-header-meta":"","adv-header-id-meta":"","stick-header-meta":"","header-above-stick-meta":"","header-main-stick-meta":"","header-below-stick-meta":"","astra-migrate-meta-layouts":"default","ast-page-background-enabled":"default","ast-page-background-meta":{"desktop":{"background-color":"var(--ast-global-color-5)","background-image":"","background-repeat":"repeat","background-position":"center center","background-size":"auto","background-attachment":"scroll","background-type":"","background-media":"","overlay-type":"","overlay-color":"","overlay-opacity":"","overlay-gradient":""},"tablet":{"background-color":"","background-image":"","background-repeat":"repeat","background-position":"center center","background-size":"auto","background-attachment":"scroll","background-type":"","background-media":"","overlay-type":"","overlay-color":"","overlay-opacity":"","overlay-gradient":""},"mobile":{"background-color":"","background-image":"","background-repeat":"repeat","background-position":"center center","background-size":"auto","background-attachment":"scroll","background-type":"","background-media":"","overlay-type":"","overlay-color":"","overlay-opacity":"","overlay-gradient":""}},"ast-content-background-meta":{"desktop":{"background-color":"var(--ast-global-color-4)","background-image":"","background-repeat":"repeat","background-position":"center center","background-size":"auto","background-attachment":"scroll","background-type":"","background-media":"","overlay-type":"","overlay-color":"","overlay-opacity":"","overlay-gradient":""},"tablet":{"background-color":"var(--ast-global-color-4)","background-image":"","background-repeat":"repeat","background-position":"center center","background-size":"auto","background-attachment":"scroll","background-type":"","background-media":"","overlay-type":"","overlay-color":"","overlay-opacity":"","overlay-gradient":""},"mobile":{"background-color":"var(--ast-global-color-4)","background-image":"","background-repeat":"repeat","background-position":"center center","background-size":"auto","background-attachment":"scroll","background-type":"","background-media":"","overlay-type":"","overlay-color":"","overlay-opacity":"","overlay-gradient":""}},"footnotes":""},"class_list":["post-2341","page","type-page","status-publish","hentry"],"_links":{"self":[{"href":"https:\/\/lbn.ctb.upm.es\/index.php\/wp-json\/wp\/v2\/pages\/2341","targetHints":{"allow":["GET"]}}],"collection":[{"href":"https:\/\/lbn.ctb.upm.es\/index.php\/wp-json\/wp\/v2\/pages"}],"about":[{"href":"https:\/\/lbn.ctb.upm.es\/index.php\/wp-json\/wp\/v2\/types\/page"}],"author":[{"embeddable":true,"href":"https:\/\/lbn.ctb.upm.es\/index.php\/wp-json\/wp\/v2\/users\/1"}],"replies":[{"embeddable":true,"href":"https:\/\/lbn.ctb.upm.es\/index.php\/wp-json\/wp\/v2\/comments?post=2341"}],"version-history":[{"count":4,"href":"https:\/\/lbn.ctb.upm.es\/index.php\/wp-json\/wp\/v2\/pages\/2341\/revisions"}],"predecessor-version":[{"id":2346,"href":"https:\/\/lbn.ctb.upm.es\/index.php\/wp-json\/wp\/v2\/pages\/2341\/revisions\/2346"}],"wp:attachment":[{"href":"https:\/\/lbn.ctb.upm.es\/index.php\/wp-json\/wp\/v2\/media?parent=2341"}],"curies":[{"name":"wp","href":"https:\/\/api.w.org\/{rel}","templated":true}]}}