{"id":2291,"date":"2026-04-23T10:56:58","date_gmt":"2026-04-23T10:56:58","guid":{"rendered":"https:\/\/lbn.ctb.upm.es\/?page_id=2291"},"modified":"2026-04-23T11:02:01","modified_gmt":"2026-04-23T11:02:01","slug":"compromiso-de-supervision","status":"publish","type":"page","link":"https:\/\/lbn.ctb.upm.es\/index.php\/compromiso-de-supervision\/","title":{"rendered":"Compromiso de supervisi\u00f3n"},"content":{"rendered":"\t\t<div data-elementor-type=\"wp-page\" data-elementor-id=\"2291\" class=\"elementor elementor-2291\">\n\t\t\t\t<div class=\"elementor-element elementor-element-ef07cfe e-flex e-con-boxed e-con e-parent\" data-id=\"ef07cfe\" data-element_type=\"container\" data-e-type=\"container\">\n\t\t\t\t\t<div class=\"e-con-inner\">\n\t\t\t\t<div class=\"elementor-element elementor-element-44fc253 elementor-widget elementor-widget-text-editor\" data-id=\"44fc253\" data-element_type=\"widget\" data-e-type=\"widget\" data-widget_type=\"text-editor.default\">\n\t\t\t\t\t\t\t\t\t<p><em>Fecha de \u00faltima actualizaci\u00f3n: 2025-10-01<\/em><\/p>\t\t\t\t\t\t\t\t<\/div>\n\t\t\t\t<div class=\"elementor-element elementor-element-1a1a8b0 elementor-widget elementor-widget-text-editor\" data-id=\"1a1a8b0\" data-element_type=\"widget\" data-e-type=\"widget\" data-widget_type=\"text-editor.default\">\n\t\t\t\t\t\t\t\t\t<p>El compromiso de supervisi\u00f3n es un documento que se firma entre el doctorando y el director de tesis. En \u00e9l se establecen las obligaciones y derechos de ambas partes durante el desarrollo de la tesis doctoral.\u00a0<strong>Se ha de rellenar cuando lo indique el Secretario del programa<\/strong>.<\/p><ul><li>1\ufe0f\u20e3 Descarga \u2b07\ufe0f y descomprime el archivo\u00a0<a href=\"https:\/\/github.com\/capdibupm\/normativa\"><strong><code>supervision.zip<\/code><\/strong><\/a>\u00a0en tu ordenador.\u00a0<strong>Elige<\/strong>\u00a0la versi\u00f3n en espa\u00f1ol o ingl\u00e9s del compromiso de supervisi\u00f3n.\u00a0<strong>Solo necesitas rellenar una de las dos versiones.<\/strong><\/li><li>2\ufe0f\u20e3 Rellena y firma \ud83d\udcdd el documento con tus datos y los de tu director de tesis.\u00a0\u26a0\ufe0f\u00a0<strong>Si solo tienes un director, ha de firmar el documento dos veces; tanto el hueco de director como en el de tutor<\/strong>. Aunque sea una firma digital, as\u00ed lo exigen.<\/li><li>3\ufe0f\u20e3 Env\u00eda \ud83d\udce7 el documento firmado al Presidente y Secretario del programa:<ul><li><strong>Programa de Doctorado en Ingenier\u00eda Biom\u00e9dica:<\/strong>\u00a0<code>pd.ingbiomed@upm.es<\/code><\/li><li><strong>Secretario del programa, Josu\u00e9 Pag\u00e1n Ortiz:<\/strong>\u00a0<code>j.pagan@upm.es<\/code><\/li><\/ul><\/li><\/ul>\t\t\t\t\t\t\t\t<\/div>\n\t\t\t\t<div class=\"elementor-element elementor-element-f70c210 elementor-widget-divider--view-line elementor-widget elementor-widget-divider\" data-id=\"f70c210\" data-element_type=\"widget\" data-e-type=\"widget\" data-widget_type=\"divider.default\">\n\t\t\t\t\t\t\t<div class=\"elementor-divider\">\n\t\t\t<span class=\"elementor-divider-separator\">\n\t\t\t\t\t\t<\/span>\n\t\t<\/div>\n\t\t\t\t\t\t<\/div>\n\t\t\t\t<div class=\"elementor-element elementor-element-ad9fc84 elementor-widget elementor-widget-text-editor\" data-id=\"ad9fc84\" data-element_type=\"widget\" data-e-type=\"widget\" data-widget_type=\"text-editor.default\">\n\t\t\t\t\t\t\t\t\t<p><strong>Thanks for visiting our Wiki!<\/strong><\/p><p>\ud83d\ude80\u00a0<em>Stay curious. Keep innovating.<\/em>\u00a0\ud83d\ude80<\/p><p>Built with \u2764\ufe0f by\u00a0<a href=\"https:\/\/github.com\/josueportiz\">Josu\u00e9 Pag\u00e1n<\/a><\/p>\t\t\t\t\t\t\t\t<\/div>\n\t\t\t\t\t<\/div>\n\t\t\t\t<\/div>\n\t\t<div class=\"elementor-element elementor-element-51c1cd6 e-flex e-con-boxed e-con e-parent\" data-id=\"51c1cd6\" data-element_type=\"container\" data-e-type=\"container\">\n\t\t\t\t\t<div class=\"e-con-inner\">\n\t\t\t\t\t<\/div>\n\t\t\t\t<\/div>\n\t\t\t\t<\/div>\n\t\t","protected":false},"excerpt":{"rendered":"<p>Fecha de \u00faltima actualizaci\u00f3n: 2025-10-01 El compromiso de supervisi\u00f3n es un documento que se firma entre el doctorando y el [&hellip;]<\/p>\n","protected":false},"author":1,"featured_media":0,"parent":0,"menu_order":0,"comment_status":"closed","ping_status":"closed","template":"","meta":{"site-sidebar-layout":"no-sidebar","site-content-layout":"","ast-site-content-layout":"full-width-container","site-content-style":"default","site-sidebar-style":"default","ast-global-header-display":"","ast-banner-title-visibility":"","ast-main-header-display":"","ast-hfb-above-header-display":"","ast-hfb-below-header-display":"","ast-hfb-mobile-header-display":"","site-post-title":"","ast-breadcrumbs-content":"","ast-featured-img":"disabled","footer-sml-layout":"","theme-transparent-header-meta":"","adv-header-id-meta":"","stick-header-meta":"","header-above-stick-meta":"","header-main-stick-meta":"","header-below-stick-meta":"","astra-migrate-meta-layouts":"default","ast-page-background-enabled":"default","ast-page-background-meta":{"desktop":{"background-color":"var(--ast-global-color-5)","background-image":"","background-repeat":"repeat","background-position":"center center","background-size":"auto","background-attachment":"scroll","background-type":"","background-media":"","overlay-type":"","overlay-color":"","overlay-opacity":"","overlay-gradient":""},"tablet":{"background-color":"","background-image":"","background-repeat":"repeat","background-position":"center center","background-size":"auto","background-attachment":"scroll","background-type":"","background-media":"","overlay-type":"","overlay-color":"","overlay-opacity":"","overlay-gradient":""},"mobile":{"background-color":"","background-image":"","background-repeat":"repeat","background-position":"center center","background-size":"auto","background-attachment":"scroll","background-type":"","background-media":"","overlay-type":"","overlay-color":"","overlay-opacity":"","overlay-gradient":""}},"ast-content-background-meta":{"desktop":{"background-color":"var(--ast-global-color-4)","background-image":"","background-repeat":"repeat","background-position":"center center","background-size":"auto","background-attachment":"scroll","background-type":"","background-media":"","overlay-type":"","overlay-color":"","overlay-opacity":"","overlay-gradient":""},"tablet":{"background-color":"var(--ast-global-color-4)","background-image":"","background-repeat":"repeat","background-position":"center center","background-size":"auto","background-attachment":"scroll","background-type":"","background-media":"","overlay-type":"","overlay-color":"","overlay-opacity":"","overlay-gradient":""},"mobile":{"background-color":"var(--ast-global-color-4)","background-image":"","background-repeat":"repeat","background-position":"center center","background-size":"auto","background-attachment":"scroll","background-type":"","background-media":"","overlay-type":"","overlay-color":"","overlay-opacity":"","overlay-gradient":""}},"footnotes":""},"class_list":["post-2291","page","type-page","status-publish","hentry"],"_links":{"self":[{"href":"https:\/\/lbn.ctb.upm.es\/index.php\/wp-json\/wp\/v2\/pages\/2291","targetHints":{"allow":["GET"]}}],"collection":[{"href":"https:\/\/lbn.ctb.upm.es\/index.php\/wp-json\/wp\/v2\/pages"}],"about":[{"href":"https:\/\/lbn.ctb.upm.es\/index.php\/wp-json\/wp\/v2\/types\/page"}],"author":[{"embeddable":true,"href":"https:\/\/lbn.ctb.upm.es\/index.php\/wp-json\/wp\/v2\/users\/1"}],"replies":[{"embeddable":true,"href":"https:\/\/lbn.ctb.upm.es\/index.php\/wp-json\/wp\/v2\/comments?post=2291"}],"version-history":[{"count":4,"href":"https:\/\/lbn.ctb.upm.es\/index.php\/wp-json\/wp\/v2\/pages\/2291\/revisions"}],"predecessor-version":[{"id":2296,"href":"https:\/\/lbn.ctb.upm.es\/index.php\/wp-json\/wp\/v2\/pages\/2291\/revisions\/2296"}],"wp:attachment":[{"href":"https:\/\/lbn.ctb.upm.es\/index.php\/wp-json\/wp\/v2\/media?parent=2291"}],"curies":[{"name":"wp","href":"https:\/\/api.w.org\/{rel}","templated":true}]}}