{"id":2264,"date":"2026-04-09T09:34:02","date_gmt":"2026-04-09T09:34:02","guid":{"rendered":"https:\/\/lbn.ctb.upm.es\/?page_id=2264"},"modified":"2026-05-12T08:30:46","modified_gmt":"2026-05-12T08:30:46","slug":"normativa","status":"publish","type":"page","link":"https:\/\/lbn.ctb.upm.es\/index.php\/normativa\/","title":{"rendered":"Doctorado en Ingenier\u00eda Biom\u00e9dica"},"content":{"rendered":"\t\t<div data-elementor-type=\"wp-page\" data-elementor-id=\"2264\" class=\"elementor elementor-2264\">\n\t\t\t\t<div class=\"elementor-element elementor-element-43580e5 e-flex e-con-boxed e-con e-parent\" data-id=\"43580e5\" data-element_type=\"container\" data-e-type=\"container\">\n\t\t\t\t\t<div class=\"e-con-inner\">\n\t\t\t\t<div class=\"elementor-element elementor-element-da73ee0 elementor-widget elementor-widget-heading\" data-id=\"da73ee0\" data-element_type=\"widget\" data-e-type=\"widget\" data-widget_type=\"heading.default\">\n\t\t\t\t\t<h2 class=\"elementor-heading-title elementor-size-default\">Home<\/h2>\t\t\t\t<\/div>\n\t\t\t\t<div class=\"elementor-element elementor-element-c95c669 elementor-widget elementor-widget-heading\" data-id=\"c95c669\" data-element_type=\"widget\" data-e-type=\"widget\" data-widget_type=\"heading.default\">\n\t\t\t\t\t<h2 class=\"elementor-heading-title elementor-size-default\">Bienvenidos\/Welcome<\/h2>\t\t\t\t<\/div>\n\t\t\t\t<div class=\"elementor-element elementor-element-7e40cb2 elementor-widget-divider--view-line elementor-widget elementor-widget-divider\" data-id=\"7e40cb2\" data-element_type=\"widget\" data-e-type=\"widget\" data-widget_type=\"divider.default\">\n\t\t\t\t\t\t\t<div class=\"elementor-divider\">\n\t\t\t<span class=\"elementor-divider-separator\">\n\t\t\t\t\t\t<\/span>\n\t\t<\/div>\n\t\t\t\t\t\t<\/div>\n\t\t\t\t<div class=\"elementor-element elementor-element-5cf1ec9 elementor-widget elementor-widget-text-editor\" data-id=\"5cf1ec9\" data-element_type=\"widget\" data-e-type=\"widget\" data-widget_type=\"text-editor.default\">\n\t\t\t\t\t\t\t\t\t<p><strong>Pr\u00f3xima reuni\u00f3n CAPD \/ Next CAPD meeting<\/strong><br \/>\ud83d\udcc5\u00a0<strong>ES:<\/strong>\u00a0La pr\u00f3xima reuni\u00f3n de la CAPD ser\u00e1 el\u00a0<strong>17 de abril de 2026<\/strong>. Fecha l\u00edmite para recepci\u00f3n de documentaci\u00f3n:\u00a0<strong>15 de abril de 2026<\/strong>.<br \/>La CAPD se re\u00fane una vez al mes y en esta p\u00e1gina y por correo solemos avisar de cuando va a ser la siguiente. No existe un calendario de reuniones preestablecido y suele ser en fechas muy pr\u00f3ximas a las fechas l\u00edmite de entrega de documentaci\u00f3n de la\u00a0<strong>CAD-TIC<\/strong>\u00a0cuyo calendario puedes consultar en la <a href=\"https:\/\/www.etsit.upm.es\/estudios\/doctorado\/comite-area-doctoral-tic-comision-doctorado-eid-upm.html\">web de la ETSIT.<\/a><\/p>\n<p>\ud83d\udcc5\u00a0<strong>EN:<\/strong>\u00a0The next CAPD meeting will take place on\u00a0<strong>April 17th, 2026<\/strong>. Deadline for document submission:\u00a0<strong>April 15th, 2026<\/strong>. The CAPD meets once a month and we usually announce the next meeting date on this page and by email. There is no pre-established meeting calendar and it is usually on dates very close to the document submission deadlines of the\u00a0<strong>CAD-TIC<\/strong>, whose calendar you can check on the\u00a0<a href=\"https:\/\/www.etsit.upm.es\/estudios\/doctorado\/comite-area-doctoral-tic-comision-doctorado-eid-upm.html\" rel=\"nofollow\">ETSIT website<\/a>.<\/p>\t\t\t\t\t\t\t\t<\/div>\n\t\t\t\t<div class=\"elementor-element elementor-element-a5cbb88 elementor-widget-divider--view-line elementor-widget elementor-widget-divider\" data-id=\"a5cbb88\" data-element_type=\"widget\" data-e-type=\"widget\" data-widget_type=\"divider.default\">\n\t\t\t\t\t\t\t<div class=\"elementor-divider\">\n\t\t\t<span class=\"elementor-divider-separator\">\n\t\t\t\t\t\t<\/span>\n\t\t<\/div>\n\t\t\t\t\t\t<\/div>\n\t\t\t\t\t<\/div>\n\t\t\t\t<\/div>\n\t\t\t\t<\/div>\n\t\t","protected":false},"excerpt":{"rendered":"<p>Home Bienvenidos\/Welcome Pr\u00f3xima reuni\u00f3n CAPD \/ Next CAPD meeting\ud83d\udcc5\u00a0ES:\u00a0La pr\u00f3xima reuni\u00f3n de la CAPD ser\u00e1 el\u00a017 de abril de 2026. [&hellip;]<\/p>\n","protected":false},"author":1,"featured_media":0,"parent":0,"menu_order":0,"comment_status":"closed","ping_status":"closed","template":"","meta":{"site-sidebar-layout":"no-sidebar","site-content-layout":"","ast-site-content-layout":"full-width-container","site-content-style":"default","site-sidebar-style":"default","ast-global-header-display":"","ast-banner-title-visibility":"","ast-main-header-display":"","ast-hfb-above-header-display":"","ast-hfb-below-header-display":"","ast-hfb-mobile-header-display":"","site-post-title":"","ast-breadcrumbs-content":"","ast-featured-img":"disabled","footer-sml-layout":"","theme-transparent-header-meta":"","adv-header-id-meta":"","stick-header-meta":"","header-above-stick-meta":"","header-main-stick-meta":"","header-below-stick-meta":"","astra-migrate-meta-layouts":"default","ast-page-background-enabled":"default","ast-page-background-meta":{"desktop":{"background-color":"var(--ast-global-color-5)","background-image":"","background-repeat":"repeat","background-position":"center center","background-size":"auto","background-attachment":"scroll","background-type":"","background-media":"","overlay-type":"","overlay-color":"","overlay-opacity":"","overlay-gradient":""},"tablet":{"background-color":"","background-image":"","background-repeat":"repeat","background-position":"center center","background-size":"auto","background-attachment":"scroll","background-type":"","background-media":"","overlay-type":"","overlay-color":"","overlay-opacity":"","overlay-gradient":""},"mobile":{"background-color":"","background-image":"","background-repeat":"repeat","background-position":"center center","background-size":"auto","background-attachment":"scroll","background-type":"","background-media":"","overlay-type":"","overlay-color":"","overlay-opacity":"","overlay-gradient":""}},"ast-content-background-meta":{"desktop":{"background-color":"var(--ast-global-color-4)","background-image":"","background-repeat":"repeat","background-position":"center center","background-size":"auto","background-attachment":"scroll","background-type":"","background-media":"","overlay-type":"","overlay-color":"","overlay-opacity":"","overlay-gradient":""},"tablet":{"background-color":"var(--ast-global-color-4)","background-image":"","background-repeat":"repeat","background-position":"center center","background-size":"auto","background-attachment":"scroll","background-type":"","background-media":"","overlay-type":"","overlay-color":"","overlay-opacity":"","overlay-gradient":""},"mobile":{"background-color":"var(--ast-global-color-4)","background-image":"","background-repeat":"repeat","background-position":"center center","background-size":"auto","background-attachment":"scroll","background-type":"","background-media":"","overlay-type":"","overlay-color":"","overlay-opacity":"","overlay-gradient":""}},"footnotes":""},"class_list":["post-2264","page","type-page","status-publish","hentry"],"_links":{"self":[{"href":"https:\/\/lbn.ctb.upm.es\/index.php\/wp-json\/wp\/v2\/pages\/2264","targetHints":{"allow":["GET"]}}],"collection":[{"href":"https:\/\/lbn.ctb.upm.es\/index.php\/wp-json\/wp\/v2\/pages"}],"about":[{"href":"https:\/\/lbn.ctb.upm.es\/index.php\/wp-json\/wp\/v2\/types\/page"}],"author":[{"embeddable":true,"href":"https:\/\/lbn.ctb.upm.es\/index.php\/wp-json\/wp\/v2\/users\/1"}],"replies":[{"embeddable":true,"href":"https:\/\/lbn.ctb.upm.es\/index.php\/wp-json\/wp\/v2\/comments?post=2264"}],"version-history":[{"count":6,"href":"https:\/\/lbn.ctb.upm.es\/index.php\/wp-json\/wp\/v2\/pages\/2264\/revisions"}],"predecessor-version":[{"id":2350,"href":"https:\/\/lbn.ctb.upm.es\/index.php\/wp-json\/wp\/v2\/pages\/2264\/revisions\/2350"}],"wp:attachment":[{"href":"https:\/\/lbn.ctb.upm.es\/index.php\/wp-json\/wp\/v2\/media?parent=2264"}],"curies":[{"name":"wp","href":"https:\/\/api.w.org\/{rel}","templated":true}]}}